{"id":100,"date":"2021-12-07T12:45:20","date_gmt":"2021-12-07T12:45:20","guid":{"rendered":"http:\/\/www.star.tuiasi.ro\/?page_id=100"},"modified":"2021-12-08T13:26:26","modified_gmt":"2021-12-08T13:26:26","slug":"activitati","status":"publish","type":"page","link":"https:\/\/www.star.tuiasi.ro\/?page_id=100","title":{"rendered":"Activit\u0103\u021bi"},"content":{"rendered":"\n<p><strong>A1&nbsp;&nbsp;&nbsp;&nbsp;&nbsp;&nbsp; Managementul proiectului<\/strong><\/p>\n\n\n\n<p>A1.1.&nbsp;&nbsp; Managementul general al proiectului: planificarea, organizarea, evaluarea \u0219i controlul proiectului;<\/p>\n\n\n\n<p>A1.2.&nbsp;&nbsp; Activit\u0103\u021bi indirecte de suport pentru managerul de proiect, informare \u0219i publicitate \u0219i alte activit\u0103\u021bi administrative conexe;<\/p>\n\n\n\n<p><strong>A2&nbsp;&nbsp;&nbsp;&nbsp;&nbsp;&nbsp; Organizarea unui program de educa\u021bie antreprenorial\u0103<\/strong><\/p>\n\n\n\n<p>A2.1&nbsp;&nbsp;&nbsp; Organizarea unei campanii de promovare a programului de sus\u021binere a antreprenoriatului \u0219i informarea poten\u021bialilor participan\u021bi;<\/p>\n\n\n\n<p>A2.2&nbsp;&nbsp;&nbsp; Derularea procesului de selec\u021bie a grupului \u021bint\u0103 ce va participa la cursurile de antreprenoriat;<\/p>\n\n\n\n<p>A2.3&nbsp;&nbsp;&nbsp; Derularea programului de formare antreprenorial\u0103;<\/p>\n\n\n\n<p>A2.4&nbsp;&nbsp;&nbsp; Evaluarea \u0219i selec\u021bia planurilor de afaceri \u00een vederea finan\u021b\u0103rii;<\/p>\n\n\n\n<p>A2.5&nbsp;&nbsp;&nbsp; Organizarea stagiilor de practic\u0103 pentru viitorii antreprenori;<\/p>\n\n\n\n<p>A2.6&nbsp;&nbsp;&nbsp; \u00cenfiin\u021barea \u0219i derularea de activit\u0103\u021bi \u00een cadrul a 2 \u00eentreprinderi simulate;<\/p>\n\n\n\n<p>A2.7&nbsp;&nbsp;&nbsp; Furnizarea de servicii personalizate de mentorat \u0219i consultan\u021b\u0103 persoanelor selectate \u00een vederea demar\u0103rii implement\u0103rii planurilor de afaceri;<\/p>\n\n\n\n<p>A2.8&nbsp;&nbsp;&nbsp; \u00cenfin\u021barea societ\u0103\u021bilor \u0219i semnarea contractelor de subven\u021bie;<\/p>\n\n\n\n<p><strong>A3&nbsp;&nbsp;&nbsp;&nbsp;&nbsp;&nbsp; Implementarea planurilor de afaceri<\/strong><\/p>\n\n\n\n<p>A3.1&nbsp;&nbsp;&nbsp; Acordarea sumelor aferente implement\u0103rii planurilor de afaceri selectate;<\/p>\n\n\n\n<p>A3.2&nbsp;&nbsp;&nbsp; Monitorizarea func\u021bion\u0103rii \u0219i dezvolt\u0103rii afacerilor finan\u021bate;<\/p>\n\n\n\n<p><strong>A4&nbsp;&nbsp;&nbsp;&nbsp;&nbsp;&nbsp; Derularea unui program de monitorizarea a sustenabilitatii afacerilor finan\u021bate<\/strong><\/p>\n\n\n\n<p>A4.1&nbsp;&nbsp;&nbsp; Dezvoltarea unui centru de sus\u021binere \u0219i promovare a \u00eentreprinderilor finan\u021bate \u00een cadrul proiectului;<\/p>\n\n\n\n<p>A4.2&nbsp;&nbsp;&nbsp; Monitorizarea activit\u0103\u021bii afacerilor finan\u021bate;<\/p>\n\n\n\n<p>A4.3&nbsp;&nbsp;&nbsp; Elaborarea unei propuneri de politici publice pentru dezvoltarea a antreprenoriatului; A4.4&nbsp;&nbsp;&nbsp; Organizarea a unui workshop pentru diseminarea, transferul \u0219i valorificarea bunelor practici dezvoltate \u00een cadrul proiectului la nivel regional;<\/p>\n","protected":false},"excerpt":{"rendered":"<p>A1&nbsp;&nbsp;&nbsp;&nbsp;&nbsp;&nbsp; Managementul proiectului A1.1.&nbsp;&nbsp; Managementul general al proiectului: planificarea, organizarea, evaluarea \u0219i controlul proiectului; A1.2.&nbsp;&nbsp; Activit\u0103\u021bi indirecte de suport pentru managerul de proiect, informare \u0219i publicitate \u0219i alte activit\u0103\u021bi administrative conexe; A2&nbsp;&nbsp;&nbsp;&nbsp;&nbsp;&nbsp; Organizarea unui program de educa\u021bie antreprenorial\u0103 A2.1&nbsp;&nbsp;&nbsp; Organizarea unei campanii de promovare a programului de sus\u021binere a antreprenoriatului \u0219i informarea poten\u021bialilor participan\u021bi; A2.2&nbsp;&nbsp;&nbsp; <a href=\"https:\/\/www.star.tuiasi.ro\/?page_id=100\" rel=\"nofollow\"><span class=\"sr-only\">Read more about Activit\u0103\u021bi<\/span>[&hellip;]<\/a><\/p>\n","protected":false},"author":1,"featured_media":0,"parent":0,"menu_order":0,"comment_status":"closed","ping_status":"closed","template":"template-fullwidth.php","meta":[],"_links":{"self":[{"href":"https:\/\/www.star.tuiasi.ro\/index.php?rest_route=\/wp\/v2\/pages\/100"}],"collection":[{"href":"https:\/\/www.star.tuiasi.ro\/index.php?rest_route=\/wp\/v2\/pages"}],"about":[{"href":"https:\/\/www.star.tuiasi.ro\/index.php?rest_route=\/wp\/v2\/types\/page"}],"author":[{"embeddable":true,"href":"https:\/\/www.star.tuiasi.ro\/index.php?rest_route=\/wp\/v2\/users\/1"}],"replies":[{"embeddable":true,"href":"https:\/\/www.star.tuiasi.ro\/index.php?rest_route=%2Fwp%2Fv2%2Fcomments&post=100"}],"version-history":[{"count":2,"href":"https:\/\/www.star.tuiasi.ro\/index.php?rest_route=\/wp\/v2\/pages\/100\/revisions"}],"predecessor-version":[{"id":292,"href":"https:\/\/www.star.tuiasi.ro\/index.php?rest_route=\/wp\/v2\/pages\/100\/revisions\/292"}],"wp:attachment":[{"href":"https:\/\/www.star.tuiasi.ro\/index.php?rest_route=%2Fwp%2Fv2%2Fmedia&parent=100"}],"curies":[{"name":"wp","href":"https:\/\/api.w.org\/{rel}","templated":true}]}}