{"id":106,"date":"2021-12-07T12:45:33","date_gmt":"2021-12-07T12:45:33","guid":{"rendered":"http:\/\/www.star.tuiasi.ro\/?page_id=106"},"modified":"2022-04-17T19:27:18","modified_gmt":"2022-04-17T19:27:18","slug":"rezultate","status":"publish","type":"page","link":"https:\/\/www.star.tuiasi.ro\/?page_id=106","title":{"rendered":"Competi\u021bie finan\u021bare"},"content":{"rendered":"\n<h3>Pentru a vizualiza REZULTATELE finale ale competi\u021biei de finan\u021bare ap\u0103sa\u021bi <a href=\"http:\/\/www.star.tuiasi.ro\/wp-content\/uploads\/2022\/04\/Rezultate-finale_STAR.pdf\" data-type=\"URL\" data-id=\"http:\/\/www.star.tuiasi.ro\/wp-content\/uploads\/2022\/04\/Rezultate-finale_STAR.pdf\" target=\"_blank\" rel=\"noreferrer noopener\">AICI<\/a>.<\/h3>\n\n\n\n<hr class=\"wp-block-separator is-style-wide\"\/>\n\n\n\n<p>Pentru a vizualiza REZULTATELE FINALE, dup\u0103 solu\u021bionarea contesta\u021biilor, ale evalu\u0103rii planurilor de afaceri &#8211; proba I, ap\u0103sa\u021bi <a href=\"http:\/\/www.star.tuiasi.ro\/wp-content\/uploads\/2022\/04\/Rezultate-Finale-proba-I.pdf\" data-type=\"URL\" data-id=\"http:\/\/www.star.tuiasi.ro\/wp-content\/uploads\/2022\/04\/Rezultate-Finale-proba-I.pdf\" target=\"_blank\" rel=\"noreferrer noopener\">AICI<\/a>.<\/p>\n\n\n\n<hr class=\"wp-block-separator is-style-wide\"\/>\n\n\n\n<p>Pentru a vizualiza REZULTATELE evalu\u0103rii planuri lor de afaceri &#8211; proba I, ap\u0103sa\u021bi <a href=\"http:\/\/www.star.tuiasi.ro\/wp-content\/uploads\/2022\/04\/Rezultate-proba-I.pdf\" data-type=\"URL\" data-id=\"http:\/\/www.star.tuiasi.ro\/wp-content\/uploads\/2022\/04\/Rezultate-proba-I.pdf\" target=\"_blank\" rel=\"noreferrer noopener\">AICI<\/a>.<\/p>\n\n\n\n<p>Eventualele contesta\u021bii se pot trimite p\u00e2n\u0103 cel t\u0103rziu duminic\u0103, 10 aprilie 2022, ora 12.00 prin email la adresa&nbsp;<a rel=\"noreferrer noopener\" href=\"mailto:star@groups.tuiasi.ro\" target=\"_blank\">star@groups.tuiasi.ro<\/a>&nbsp;sau utiliz\u00e2nd sec\u021biunea contestatii accesibil\u0103 pe platforma&nbsp;<a rel=\"noreferrer noopener\" href=\"http:\/\/www.proiect-star.ro.\/\" target=\"_blank\">http:\/\/www.proiect-star.ro.<\/a><\/p>\n\n\n\n<hr class=\"wp-block-separator is-style-wide\"\/>\n\n\n\n<h3>Metodologie competi\u021bie finan\u021bare<\/h3>\n\n\n\n<p>Pentru a consulta metodologia de selec\u021bie a participan\u021bilor \u00een grupul \u021bint\u0103, precum \u0219i cea de selec\u021bie a planurilor de afaceri, ap\u0103sa\u021bi&nbsp;<a href=\"http:\/\/www.star.tuiasi.ro\/wp-content\/uploads\/2022\/03\/Metodologie-selectie-grupului-tinta-proiect-STAR__142152.pdf\" data-type=\"URL\" data-id=\"http:\/\/www.star.tuiasi.ro\/wp-content\/uploads\/2022\/03\/Metodologie-selectie-grupului-tinta-proiect-STAR__142152.pdf\" target=\"_blank\" rel=\"noreferrer noopener\">AICI<\/a>.<\/p>\n\n\n\n<hr class=\"wp-block-separator is-style-wide\"\/>\n\n\n\n<h3>Calendar<\/h3>\n\n\n\n<h2 class=\"has-white-color has-vivid-cyan-blue-background-color has-text-color has-background\">ANEXA 3 \u2013 CALENDARUL ORIENTATIV DE ORGANIZARE A COMPETI\u021aIEI DE FINAN\u021aARE<\/h2>\n\n\n\n<figure class=\"wp-block-table is-style-stripes\"><table><tbody><tr><td><strong>Nr.<\/strong><strong><\/strong><\/td><td><strong><span class=\"has-inline-color has-black-color\">Activitatea<\/span><\/strong><\/td><td><strong>Data\/ ora limit\u0103<\/strong><strong><\/strong><\/td><\/tr><tr><td><strong>1<\/strong><\/td><td>Derularea cursurilor de formare profesional\u0103<\/td><td>15.01.2022 &#8211; 12.03.2022<\/td><\/tr><tr><td><strong>2<\/strong><\/td><td>Termenul limit\u0103 de depunere a planului de afaceri \u00een competi\u021bie pentru candida\u021bii care nu au sus\u021binut cursul \u00een cadrul proiectului<\/td><td>28.02.2022, ora 12.00<\/td><\/tr><tr><td><strong>3<\/strong><\/td><td>Termenul limit\u0103 de depunere a planului de afaceri \u00een competi\u021bie pentru absolven\u021bii examenului ANC din data de 12.02.2022<\/td><td>05.03.2022, ora 12.00<\/td><\/tr><tr><td><strong>4<\/strong><\/td><td>Termenul limit\u0103 de depunere a planului de afaceri \u00een competi\u021bie pentru absolven\u021bii examenului ANC din data de 13.02.2022<\/td><td>06.03.2022, ora 12.00<\/td><\/tr><tr><td><strong>5<\/strong><\/td><td>Termenul limit\u0103 de depunere a planului de afaceri \u00een competi\u021bie pentru absolven\u021bii examenului ANC din data de 19.02.2022<\/td><td>12.03.2022, ora 12.00<\/td><\/tr><tr><td><strong>6<\/strong><\/td><td>Termenul limit\u0103 de depunere a planului de afaceri \u00een competi\u021bie pentru absolven\u021bii examenului ANC din data de 20.02.2022<\/td><td>13.03.2022, ora 12.00<\/td><\/tr><tr><td><strong>7<\/strong><\/td><td>Termenul limit\u0103 de depunere a planului de afaceri \u00een competi\u021bie pentru absolven\u021bii examenului ANC din data de 05.03.2022<\/td><td>26.03.2022, ora 12.00<\/td><\/tr><tr><td><strong>8<\/strong><\/td><td>Termenul limit\u0103 de depunere a planului de afaceri \u00een competi\u021bie pentru absolven\u021bii examenului ANC din data de 06.03.2022<\/td><td>27.03.2022, ora 12.00<\/td><\/tr><tr><td><strong>9<\/strong><\/td><td>Termenul limit\u0103 de depunere a planului de afaceri \u00een competi\u021bie pentru absolven\u021bii examenului ANC din data de 07.03.2022<\/td><td>28.03.2022, ora 12.00<\/td><\/tr><tr><td><strong>10<\/strong><\/td><td>Termenul limit\u0103 de depunere a planului de afaceri \u00een competi\u021bie pentru absolven\u021bii examenului ANC din data de 12.03.2022<\/td><td>02.04.2022, ora 12.00<\/td><\/tr><tr><td><strong>11<\/strong><\/td><td>Termenul limit\u0103 de depunere a planului de afaceri \u00een competi\u021bie pentru absolven\u021bii examenului ANC din data de 14.03.2022<\/td><td>04.04.2022, ora 12.00<\/td><\/tr><tr><td><strong>12<\/strong><\/td><td>Termenul limit\u0103 de depunere a planului de afaceri \u00een competi\u021bie pentru absolven\u021bii examenului ANC din data de 15.03.2022<\/td><td>05.04.2022, ora 12.00<\/td><\/tr><tr><td><strong>13<\/strong><\/td><td>Afi\u0219area rezultatelor evalu\u0103rii planurilor de afaceri \u2013 proba I<\/td><td>06.04.2022, ora 20.00<\/td><\/tr><tr><td><strong>14<\/strong><\/td><td>Termenul limit\u0103 de depunere a contesta\u021biilor privind rezultatul evalu\u0103rii \u2013 proba I<\/td><td>10.04.2022, ora 12.00<\/td><\/tr><tr><td><strong>15<\/strong><\/td><td>Afi\u0219area rezultatelor finale ale evalu\u0103rii planurilor de afaceri \u2013 proba I<\/td><td>13.04.2022, ora 12.00<\/td><\/tr><tr><td><strong>16<\/strong><\/td><td>Organizarea interviurilor de evaluare ale primilor 44 de candida\u021bi \u00een baza rezultatelor ob\u021binute la proba I \u2013 proba II (format fizic &#8211; sediu FDIMA)<\/td><td>14.04.2022 \u2013 16.04.2022<\/td><\/tr><tr><td><strong>17<\/strong><\/td><td>Afi\u0219area rezultatelor finale ale competi\u021biei de finan\u021bare<\/td><td>19.04.2022, ora 12.00<\/td><\/tr><\/tbody><\/table><\/figure>\n","protected":false},"excerpt":{"rendered":"<p>Pentru a vizualiza REZULTATELE finale ale competi\u021biei de finan\u021bare ap\u0103sa\u021bi AICI. Pentru a vizualiza REZULTATELE FINALE, dup\u0103 solu\u021bionarea contesta\u021biilor, ale evalu\u0103rii planurilor de afaceri &#8211; proba I, ap\u0103sa\u021bi AICI. Pentru a vizualiza REZULTATELE evalu\u0103rii planuri lor de afaceri &#8211; proba I, ap\u0103sa\u021bi AICI. Eventualele contesta\u021bii se pot trimite p\u00e2n\u0103 cel t\u0103rziu duminic\u0103, 10 aprilie 2022, <a href=\"https:\/\/www.star.tuiasi.ro\/?page_id=106\" rel=\"nofollow\"><span class=\"sr-only\">Read more about Competi\u021bie finan\u021bare<\/span>[&hellip;]<\/a><\/p>\n","protected":false},"author":1,"featured_media":0,"parent":0,"menu_order":0,"comment_status":"closed","ping_status":"closed","template":"template-fullwidth.php","meta":[],"_links":{"self":[{"href":"https:\/\/www.star.tuiasi.ro\/index.php?rest_route=\/wp\/v2\/pages\/106"}],"collection":[{"href":"https:\/\/www.star.tuiasi.ro\/index.php?rest_route=\/wp\/v2\/pages"}],"about":[{"href":"https:\/\/www.star.tuiasi.ro\/index.php?rest_route=\/wp\/v2\/types\/page"}],"author":[{"embeddable":true,"href":"https:\/\/www.star.tuiasi.ro\/index.php?rest_route=\/wp\/v2\/users\/1"}],"replies":[{"embeddable":true,"href":"https:\/\/www.star.tuiasi.ro\/index.php?rest_route=%2Fwp%2Fv2%2Fcomments&post=106"}],"version-history":[{"count":16,"href":"https:\/\/www.star.tuiasi.ro\/index.php?rest_route=\/wp\/v2\/pages\/106\/revisions"}],"predecessor-version":[{"id":655,"href":"https:\/\/www.star.tuiasi.ro\/index.php?rest_route=\/wp\/v2\/pages\/106\/revisions\/655"}],"wp:attachment":[{"href":"https:\/\/www.star.tuiasi.ro\/index.php?rest_route=%2Fwp%2Fv2%2Fmedia&parent=106"}],"curies":[{"name":"wp","href":"https:\/\/api.w.org\/{rel}","templated":true}]}}