{"id":398,"date":"2022-01-26T15:06:56","date_gmt":"2022-01-26T15:06:56","guid":{"rendered":"https:\/\/www.star.tuiasi.ro\/?page_id=398"},"modified":"2022-02-28T09:50:00","modified_gmt":"2022-02-28T09:50:00","slug":"metodologie-selectie","status":"publish","type":"page","link":"https:\/\/www.star.tuiasi.ro\/?page_id=398","title":{"rendered":"\u00censcriere competi\u021bie"},"content":{"rendered":"\n<p class=\"has-text-align-center\"><strong>DEPUNEREA PLANURILOR DE AFACERI<\/strong><\/p>\n\n\n\n<p class=\"has-text-align-center\">\u00een competi\u021bia de finan\u021bare organizat\u0103 \u00een cadrul proiectului<\/p>\n\n\n\n<p class=\"has-text-align-center\">\u201eSTAR \u2013 Sus\u021binerea tinerilor pentru afaceri reu\u0219ite, POCU 829\/6\/13\/142152\u201d<\/p>\n\n\n\n<p><\/p>\n\n\n\n<p>\u00cen vederea depunerii planului de afaceri \u00een competi\u021bia de finan\u021bare v\u0103 rug\u0103m s\u0103 parcurge\u021bi urm\u0103torii 2 pa\u0219i:<\/p>\n\n\n\n<p><strong><u>Pasul 1.<\/u><\/strong>&nbsp;V\u0103 autentifica\u021bi pe platforma electronic\u0103 dedicat\u0103 depunerii planului de afaceri \u0219i realiza\u021bi completarea tuturor c\u00e2mpurilor predefinite ale sec\u021biunilor planului de afaceri. Verifica\u021bi cu maxim\u0103 responsabilitate completarea sec\u021biunilor \u00eenainte de transmiterea planului de afaceri.<\/p>\n\n\n\n<p>\u00cen urma transmiterii planului de afaceri, platforma v\u0103 va transmite pe email planul de afaceri \u00eenc\u0103rcat de dumneavoastr\u0103 (format pdf) \u00eenso\u021bit de un mesaj text care va cuprinde:&nbsp;<em>Numele \u0219i prenumele candidatului, codul unic alocat proiectului, data \u0219i ora \u00eenregistr\u0103rii planului de afaceri \u00een competi\u021bie<\/em>.<\/p>\n\n\n\n<p><strong><u>Pasul 2.&nbsp;<\/u><\/strong>&nbsp;Redirec\u021biona\u021bi (forward) emailul primit \u00een urma \u00eenregistr\u0103rii planului de afaceri (vezi pasul 1) asigur\u00e2ndu-v\u0103 c\u0103 planul de afaceri generat (format pdf) este ata\u0219at la adresa&nbsp;<a href=\"mailto:star@groups.tuiasi.ro\">star@groups.tuiasi.ro<\/a><\/p>\n\n\n\n<p>&nbsp;<strong>(*) asigura\u021bi-v\u0103 de faptul c\u0103, parcurgerea celor 2 pa\u0219i de mai sus se finalizeaz\u0103 \u00eenainte de expirarea termenului limit\u0103 stabilit pentru fiecare candidat \u00een parte (termen limit\u0103: precizat \u00een calendarul de organizare a competi\u021biei de finan\u021bare\/ pagina <\/strong><a href=\"http:\/\/www.star.tuiasi.ro\/\">www.star.tuiasi.ro\/<\/a><strong> sec\u021biunea competi\u021bie finan\u021bare).<\/strong><\/p>\n\n\n\n<p><strong>Planurile de afaceri transmise dup\u0103 expirarea termenului limit\u0103 de depunere vor fi eliminate din competi\u021bie (termenul limit\u0103 de \u00eenscrire \u00een competi\u021bia de finan\u021bare pentru studen\u021bii care nu au urmat cursurile \u00een cadrul proiectului este 28 februarie 2022, ora 12.00; termenul limit\u0103 pentru studen\u021bii care au urmat cursurile \u00een cadrul proiectului este a 21 zi calendaristic\u0103, ora 12.00 de la data sus\u021binerii examenului ANC).<\/strong><\/p>\n\n\n\n<p>(**) Dup\u0103 \u00eenregistrarea planului de afaceri \u00een competi\u021bie ve\u021bi fi contacta\u021bi telefonic pentru finalizarea procesului de \u00eenscriere.<\/p>\n\n\n\n<h3>\u00censcrierea planului de afaceri \u00een competi\u021bia de finan\u021bare se realizeaz\u0103 acces\u00e2nd <a rel=\"noreferrer noopener\" href=\"https:\/\/proiect-star.ro\/\" data-type=\"URL\" data-id=\"https:\/\/proiect-star.ro\/\" target=\"_blank\">platforma electronic\u0103 dedicat\u0103 depunerii planului de afaceri<\/a>.<\/h3>\n","protected":false},"excerpt":{"rendered":"<p>DEPUNEREA PLANURILOR DE AFACERI \u00een competi\u021bia de finan\u021bare organizat\u0103 \u00een cadrul proiectului \u201eSTAR \u2013 Sus\u021binerea tinerilor pentru afaceri reu\u0219ite, POCU 829\/6\/13\/142152\u201d \u00cen vederea depunerii planului de afaceri \u00een competi\u021bia de finan\u021bare v\u0103 rug\u0103m s\u0103 parcurge\u021bi urm\u0103torii 2 pa\u0219i: Pasul 1.&nbsp;V\u0103 autentifica\u021bi pe platforma electronic\u0103 dedicat\u0103 depunerii planului de afaceri \u0219i realiza\u021bi completarea tuturor c\u00e2mpurilor predefinite <a href=\"https:\/\/www.star.tuiasi.ro\/?page_id=398\" rel=\"nofollow\"><span class=\"sr-only\">Read more about \u00censcriere competi\u021bie<\/span>[&hellip;]<\/a><\/p>\n","protected":false},"author":1,"featured_media":0,"parent":0,"menu_order":0,"comment_status":"closed","ping_status":"closed","template":"template-fullwidth.php","meta":[],"_links":{"self":[{"href":"https:\/\/www.star.tuiasi.ro\/index.php?rest_route=\/wp\/v2\/pages\/398"}],"collection":[{"href":"https:\/\/www.star.tuiasi.ro\/index.php?rest_route=\/wp\/v2\/pages"}],"about":[{"href":"https:\/\/www.star.tuiasi.ro\/index.php?rest_route=\/wp\/v2\/types\/page"}],"author":[{"embeddable":true,"href":"https:\/\/www.star.tuiasi.ro\/index.php?rest_route=\/wp\/v2\/users\/1"}],"replies":[{"embeddable":true,"href":"https:\/\/www.star.tuiasi.ro\/index.php?rest_route=%2Fwp%2Fv2%2Fcomments&post=398"}],"version-history":[{"count":15,"href":"https:\/\/www.star.tuiasi.ro\/index.php?rest_route=\/wp\/v2\/pages\/398\/revisions"}],"predecessor-version":[{"id":574,"href":"https:\/\/www.star.tuiasi.ro\/index.php?rest_route=\/wp\/v2\/pages\/398\/revisions\/574"}],"wp:attachment":[{"href":"https:\/\/www.star.tuiasi.ro\/index.php?rest_route=%2Fwp%2Fv2%2Fmedia&parent=398"}],"curies":[{"name":"wp","href":"https:\/\/api.w.org\/{rel}","templated":true}]}}