{"id":469,"date":"2022-02-15T11:17:29","date_gmt":"2022-02-15T11:17:29","guid":{"rendered":"https:\/\/www.star.tuiasi.ro\/?page_id=469"},"modified":"2022-02-22T09:09:49","modified_gmt":"2022-02-22T09:09:49","slug":"intrebari-frecvente-2","status":"publish","type":"page","link":"https:\/\/www.star.tuiasi.ro\/?page_id=469","title":{"rendered":"\u00centreb\u0103ri frecvente"},"content":{"rendered":"\n<div class=\"wp-block-buttons is-content-justification-left\">\n<div class=\"wp-block-button has-custom-width wp-block-button__width-100 is-style-fill\"><a class=\"wp-block-button__link has-black-color has-pale-cyan-blue-background-color has-text-color has-background\" href=\"http:\/\/www.star.tuiasi.ro\/wp-content\/uploads\/2022\/02\/STAR-_clarificari-Februarie-2022.pdf\" target=\"_blank\" rel=\"noreferrer noopener\"><strong>Clarific\u0103ri Februarie 2022<\/strong><\/a><\/div>\n<\/div>\n\n\n\n<p><\/p>\n\n\n\n<p><strong>1.<\/strong> <strong>Care este termenul de depunere a planurilor de afaceri \u00een competi\u021bie?<\/strong><\/p>\n\n\n\n<p>Termenul de depunere a planurilor de afaceri \u00een competi\u021bie este de 21 de zile calendaristice de la data sus\u021binerii examenului ANC, conform metodologiei publicat\u0103 pe site-ul proiectului<\/p>\n\n\n\n<p><strong>2. Care este perioada de \u00eenfiin\u021bare a firmelor (start-up-urilor) \u00een cadrul proiectului?<\/strong>&nbsp;<\/p>\n\n\n\n<p>\u00cenfiin\u021barea start-upurilor va fi realizat\u0103 \u00een cadrul proiectului \u00een perioada 12-26 iunie 2022 put\u00e2nd aveam sediul social at\u00e2t \u00een mediul rural c\u00e2t \u0219i \u00een mediul urban.<\/p>\n\n\n\n<p><strong>3. Care este perioada de monitorizare a proiectului?<\/strong><\/p>\n\n\n\n<p>Perioada de monitorizare a start-upurilor este 30.06.2022-29.06.2023 (perioad\u0103 \u00een care trebuie cheltuit\u0103 subven\u021bia primit\u0103 \u00een valoare de 287.000 lei\/ \u00een cazul \u00een care, beneficiarul nu poate demostra utilizarea sumei \u00eencasate \u00een valoare de 287.000 lei va trebui s\u0103 restituie suma neutilizat\u0103).<\/p>\n\n\n\n<p><strong>4. Care este valoarea subven\u021biei \u0219i cum se acord\u0103 aceasta?<\/strong><\/p>\n\n\n\n<p>Subven\u021bia \u00een valoare de 287.000 lei va fi acordat\u0103 \u00een 2 tran\u0219e astfel:<\/p>\n\n\n\n<ul><li>Tran\u0219a I \u00een valoare de 215.250 lei (75% din valoarea subven\u021biei) \u00een perioada iulie-august 2022<\/li><li>Tran\u0219a II \u00een valoare de 71.750 lei (25% din valoarea subven\u021biei) \u00een perioada ianuarie -februarie 2023<\/li><\/ul>\n\n\n\n<p><strong>5.&nbsp;Care este obliga\u021bia beneficiarului finan\u021b\u0103rii cu privire la \u00eenfiin\u021barea locurilor de munc\u0103?<\/strong><\/p>\n\n\n\n<p>Prin contractul de finan\u021bare beneficiarul \u00ee\u0219i asum\u0103 crearea a minim 3 locuri de munc\u0103 (cu norm\u0103 \u00eentreag\u0103 de 8h\/zi, din care o norm\u0103 va fi ocupat\u0103 obligatoriu de beneficiarul finan\u021b\u0103rii).<\/p>\n\n\n\n<p><strong>6.&nbsp;Care sunt consecin\u021bele nerespect\u0103rii contractului de finan\u021bare?<\/strong><\/p>\n\n\n\n<p>\u00cen situa\u021bia \u00een care beneficiarul nu face dovada existen\u021bei celor minim 3 locuri de munc\u0103 nou create (contracte individuale de munc\u0103, dosar angajare, extras Revisal) p\u00e2n\u0103 cel t\u00e2rziu \u00een data de 05.12.2022 nu va primi tran\u0219a a II -a a finan\u021b\u0103rii \u0219i va trebui s\u0103 restituie tran\u0219a I \u00eencasat\u0103.<\/p>\n\n\n\n<p><strong>7.&nbsp;Care este perioada de sustenabilitate a proiectului \u0219i care sunt obliga\u021biile beneficiarului finan\u021b\u0103rii \u00een aceast\u0103 perioad\u0103?<\/strong><\/p>\n\n\n\n<p>Perioada de sustenabilitate a start-upurilor este 30.06.2023-29.12.2023 (perioad\u0103 \u00een care beneficiarul subven\u021biei trebuie s\u0103 asigure costurile salariale pentru cele minim 3 posturi de munc\u0103 create la acela\u0219i nivel salarial ca \u00een perioada de monitorizare).<\/p>\n\n\n\n<p><strong>8. Care sunt domeniile pentru care nu se poate solicita finan<\/strong><strong>\u021bare?<\/strong><\/p>\n\n\n\n<p>Conform ghidului INNOTECH STUDENT prezenta schem\u0103 de minimis nu se aplic\u0103:<\/p>\n\n\n\n<p>a)\u00a0ajutoarelor acordate \u00eentreprinderilor care \u00ee\u0219i desf\u0103\u0219oar\u0103 activitatea \u00een sectoarele pescuitului \u0219i acvaculturii, reglementate\u00a0 de\u00a0 Regulamentul\u00a0 (CE)\u00a0 nr.\u00a0 1379\/2013\u00a0 al\u00a0 Parlamentului\u00a0 European\u00a0\u00a0 \u0219i\u00a0 al\u00a0 Consiliului\u00a0 din\u00a0\u00a0 11 decembrie 2013 privind organizarea comun\u0103 a pie\u021belor \u00een sectorul produselor pesc\u0103re\u0219ti \u0219i de acvacultur\u0103, de modificare a Regulamentelor (CE) nr. 1184\/2006 \u0219i (CE) nr. 1224\/2009 ale Consiliului \u0219i de abrogare a Regulamentului (CE) nr. 104\/2000 al Consiliului;<\/p>\n\n\n\n<p>b)\u00a0ajutoarelor acordate \u00eentreprinderilor care \u00ee\u0219i desf\u0103\u0219oar\u0103 activitatea \u00een domeniul produc\u021biei primare de produse agricole, astfel cum sunt enumerate \u00een Anexa 1 la Tratatul instituind Comunitatea European\u0103 (Tratatul CE);<\/p>\n\n\n\n<p>c)\u00a0ajutoarelor acordate \u00eentreprinderilor care-\u0219i desf\u0103\u0219oar\u0103 activitatea \u00een sectorul prelucrarii \u0219i comercializ\u0103rii produselor agricole, prev\u0103zute \u00een Anexa nr. 1 la Tratatul CE, \u00een urm\u0103toarele cazuri:<\/p>\n\n\n\n<p>(i)\u00a0atunci c\u00e2nd valoarea ajutorului este stabilit\u0103 pe baza pre\u021bului sau a cantit\u0103\u021bii produselor \u00een cauz\u0103 achizi\u021bionate de la produc\u0103torii primari sau introduse pe pia\u021b\u0103 de \u00eentreprinderile \u00een cauz\u0103;<\/p>\n\n\n\n<p>(ii)\u00a0atunci c\u00e2nd ajutorul este condi\u021bionat de transferarea lui par\u021bial\u0103 sau integral\u0103 c\u0103tre produc\u0103tori primari.<\/p>\n\n\n\n<p>d)\u00a0ajutoarelor destinate activit\u0103\u021bilor legate de export c\u0103tre \u021b\u0103ri ter\u021be sau c\u0103tre state membre, respectiv ajutoarelor legate direct de cantit\u0103\u021bile exportate, ajutoarelor destinate \u00eenfiin\u021b\u0103rii \u0219i func\u021bion\u0103rii unei re\u021bele de distribu\u021bie sau destinate altor cheltuieli curente legate de activitatea de export;<\/p>\n\n\n\n<p>e)\u00a0ajutoarelor condi\u021bionate de utilizarea preferen\u021bial\u0103 a produselor na\u021bionale fa\u021b\u0103 de cele importate;<\/p>\n\n\n\n<p>f)\u00a0ajutoarelor acordate pentru achizi\u021bia de vehicule de transport rutier de m\u0103rfuri.<\/p>\n\n\n\n<p><strong>9. Care este cofinan\u021barea minim\u0103 care trebuie asigurat\u0103 de beneficiarul finan\u021b\u0103rii?<\/strong><\/p>\n\n\n\n<p>\u00cen cadrul prezentei scheme de minimis beneficiarul finan\u021b\u0103rii nu trebuie s\u0103 asigure cofinan\u021bare. Bugetul inclus \u00een planul de afaceri poate fi egal cu subven\u021bia acordat\u0103 \u00een valoarea de 287.000 lei. Dac\u0103 beneficiarul finan\u021b\u0103rii dispune de resursele financiare supliementare necesare pentru desf\u0103\u0219urarea activit\u0103\u021bii start-upului, acesta poate include aceste sume \u00een bugetului proiectului\/ sec\u021biunea resurse proprii.<\/p>\n\n\n\n<p><strong>10. Este obligatoriu s\u0103 fie asigurate costurile salariale din finan\u021barea de 287.000 lei?<\/strong><\/p>\n\n\n\n<p>Nu. Costurile salariale pot fi asigurate de beneficiatul finan\u021b\u0103rii din surse proprii sau din \u00eencas\u0103rile \u00eenregistrate \u00een urma desf\u0103\u0219ur\u0103rii activit\u0103\u021bii start-up-ului. Important este s\u0103 fie create minim 3 locuri de munc\u0103 cel t\u00e2rziu \u00een data de 05.12.2022 pentru o perioad\u0103 de minim 12 luni.<\/p>\n","protected":false},"excerpt":{"rendered":"<p>1. Care este termenul de depunere a planurilor de afaceri \u00een competi\u021bie? Termenul de depunere a planurilor de afaceri \u00een competi\u021bie este de 21 de zile calendaristice de la data sus\u021binerii examenului ANC, conform metodologiei publicat\u0103 pe site-ul proiectului 2. Care este perioada de \u00eenfiin\u021bare a firmelor (start-up-urilor) \u00een cadrul proiectului?&nbsp; \u00cenfiin\u021barea start-upurilor va fi <a href=\"https:\/\/www.star.tuiasi.ro\/?page_id=469\" rel=\"nofollow\"><span class=\"sr-only\">Read more about \u00centreb\u0103ri frecvente<\/span>[&hellip;]<\/a><\/p>\n","protected":false},"author":1,"featured_media":0,"parent":0,"menu_order":0,"comment_status":"closed","ping_status":"closed","template":"template-fullwidth.php","meta":[],"_links":{"self":[{"href":"https:\/\/www.star.tuiasi.ro\/index.php?rest_route=\/wp\/v2\/pages\/469"}],"collection":[{"href":"https:\/\/www.star.tuiasi.ro\/index.php?rest_route=\/wp\/v2\/pages"}],"about":[{"href":"https:\/\/www.star.tuiasi.ro\/index.php?rest_route=\/wp\/v2\/types\/page"}],"author":[{"embeddable":true,"href":"https:\/\/www.star.tuiasi.ro\/index.php?rest_route=\/wp\/v2\/users\/1"}],"replies":[{"embeddable":true,"href":"https:\/\/www.star.tuiasi.ro\/index.php?rest_route=%2Fwp%2Fv2%2Fcomments&post=469"}],"version-history":[{"count":7,"href":"https:\/\/www.star.tuiasi.ro\/index.php?rest_route=\/wp\/v2\/pages\/469\/revisions"}],"predecessor-version":[{"id":523,"href":"https:\/\/www.star.tuiasi.ro\/index.php?rest_route=\/wp\/v2\/pages\/469\/revisions\/523"}],"wp:attachment":[{"href":"https:\/\/www.star.tuiasi.ro\/index.php?rest_route=%2Fwp%2Fv2%2Fmedia&parent=469"}],"curies":[{"name":"wp","href":"https:\/\/api.w.org\/{rel}","templated":true}]}}